{"id":4257,"date":"2024-12-11T06:27:25","date_gmt":"2024-12-11T06:27:25","guid":{"rendered":"https:\/\/bga-dictum.com\/impressum\/"},"modified":"2025-04-15T06:59:57","modified_gmt":"2025-04-15T06:59:57","slug":"impressum","status":"publish","type":"page","link":"https:\/\/bga-dictum.com\/de\/impressum\/","title":{"rendered":"Impressum"},"content":{"rendered":"\t\t<div data-elementor-type=\"wp-page\" data-elementor-id=\"4257\" class=\"elementor elementor-4257 elementor-2355\">\n\t\t\t\t\t\t<section class=\"elementor-section elementor-top-section elementor-element elementor-element-2de9341 elementor-section-full_width elementor-section-stretched elementor-section-height-default elementor-section-height-default wpr-particle-no wpr-jarallax-no wpr-parallax-no wpr-sticky-section-no\" data-id=\"2de9341\" data-element_type=\"section\" data-e-type=\"section\" data-settings=\"{&quot;stretch_section&quot;:&quot;section-stretched&quot;,&quot;background_background&quot;:&quot;classic&quot;}\">\n\t\t\t\t\t\t<div class=\"elementor-container elementor-column-gap-no\">\n\t\t\t\t\t<div class=\"elementor-column elementor-col-100 elementor-top-column elementor-element elementor-element-4cfb431\" data-id=\"4cfb431\" data-element_type=\"column\" data-e-type=\"column\" data-settings=\"{&quot;background_background&quot;:&quot;classic&quot;}\">\n\t\t\t<div class=\"elementor-widget-wrap elementor-element-populated\">\n\t\t\t\t\t\t<section class=\"elementor-section elementor-inner-section elementor-element elementor-element-d4ab0b6 elementor-section-boxed elementor-section-height-default elementor-section-height-default wpr-particle-no wpr-jarallax-no wpr-parallax-no wpr-sticky-section-no\" data-id=\"d4ab0b6\" data-element_type=\"section\" data-e-type=\"section\">\n\t\t\t\t\t\t<div class=\"elementor-container elementor-column-gap-default\">\n\t\t\t\t\t<div class=\"elementor-column elementor-col-50 elementor-inner-column elementor-element elementor-element-f22268d\" data-id=\"f22268d\" data-element_type=\"column\" data-e-type=\"column\">\n\t\t\t<div class=\"elementor-widget-wrap elementor-element-populated\">\n\t\t\t\t\t\t<div class=\"elementor-element elementor-element-1d1cec7 elementor-widget elementor-widget-heading\" data-id=\"1d1cec7\" data-element_type=\"widget\" data-e-type=\"widget\" data-widget_type=\"heading.default\">\n\t\t\t\t<div class=\"elementor-widget-container\">\n\t\t\t\t\t<h1 class=\"elementor-heading-title elementor-size-default\">Impressum <\/h1>\t\t\t\t<\/div>\n\t\t\t\t<\/div>\n\t\t\t\t\t<\/div>\n\t\t<\/div>\n\t\t\t\t<div class=\"elementor-column elementor-col-50 elementor-inner-column elementor-element elementor-element-c835904\" data-id=\"c835904\" data-element_type=\"column\" data-e-type=\"column\">\n\t\t\t<div class=\"elementor-widget-wrap\">\n\t\t\t\t\t\t\t<\/div>\n\t\t<\/div>\n\t\t\t\t\t<\/div>\n\t\t<\/section>\n\t\t\t\t\t<\/div>\n\t\t<\/div>\n\t\t\t\t\t<\/div>\n\t\t<\/section>\n\t\t\t\t<section class=\"elementor-section elementor-top-section elementor-element elementor-element-8bda3cb elementor-section-boxed elementor-section-height-default elementor-section-height-default wpr-particle-no wpr-jarallax-no wpr-parallax-no wpr-sticky-section-no\" data-id=\"8bda3cb\" data-element_type=\"section\" data-e-type=\"section\">\n\t\t\t\t\t\t<div class=\"elementor-container elementor-column-gap-default\">\n\t\t\t\t\t<div class=\"elementor-column elementor-col-50 elementor-top-column elementor-element elementor-element-7d574e0\" data-id=\"7d574e0\" data-element_type=\"column\" data-e-type=\"column\">\n\t\t\t<div class=\"elementor-widget-wrap elementor-element-populated\">\n\t\t\t\t\t\t<div class=\"elementor-element elementor-element-c7e4914 elementor-widget elementor-widget-image\" data-id=\"c7e4914\" data-element_type=\"widget\" data-e-type=\"widget\" data-widget_type=\"image.default\">\n\t\t\t\t<div class=\"elementor-widget-container\">\n\t\t\t\t\t\t\t\t\t\t\t\t\t\t\t<img fetchpriority=\"high\" decoding=\"async\" width=\"1600\" height=\"1068\" src=\"https:\/\/bga-dictum.com\/wp-content\/uploads\/2023\/06\/WhatsApp-Image-2024-11-28-at-1.32.04-PM.webp\" class=\"attachment-full size-full wp-image-2773\" alt=\"\" srcset=\"https:\/\/bga-dictum.com\/wp-content\/uploads\/2023\/06\/WhatsApp-Image-2024-11-28-at-1.32.04-PM.webp 1600w, https:\/\/bga-dictum.com\/wp-content\/uploads\/2023\/06\/WhatsApp-Image-2024-11-28-at-1.32.04-PM-300x200.webp 300w, https:\/\/bga-dictum.com\/wp-content\/uploads\/2023\/06\/WhatsApp-Image-2024-11-28-at-1.32.04-PM-1024x684.webp 1024w, https:\/\/bga-dictum.com\/wp-content\/uploads\/2023\/06\/WhatsApp-Image-2024-11-28-at-1.32.04-PM-768x513.webp 768w, https:\/\/bga-dictum.com\/wp-content\/uploads\/2023\/06\/WhatsApp-Image-2024-11-28-at-1.32.04-PM-1536x1025.webp 1536w\" sizes=\"(max-width: 1600px) 100vw, 1600px\" \/>\t\t\t\t\t\t\t\t\t\t\t\t\t\t\t<\/div>\n\t\t\t\t<\/div>\n\t\t\t\t\t<\/div>\n\t\t<\/div>\n\t\t\t\t<div class=\"elementor-column elementor-col-50 elementor-top-column elementor-element elementor-element-e3d1d99\" data-id=\"e3d1d99\" data-element_type=\"column\" data-e-type=\"column\">\n\t\t\t<div class=\"elementor-widget-wrap elementor-element-populated\">\n\t\t\t\t\t\t<div class=\"elementor-element elementor-element-0d48d81 elementor-widget elementor-widget-heading\" data-id=\"0d48d81\" data-element_type=\"widget\" data-e-type=\"widget\" data-widget_type=\"heading.default\">\n\t\t\t\t<div class=\"elementor-widget-container\">\n\t\t\t\t\t<h2 class=\"elementor-heading-title elementor-size-default\">Rechtliche Offenlegung<\/h2>\t\t\t\t<\/div>\n\t\t\t\t<\/div>\n\t\t\t\t<div class=\"elementor-element elementor-element-2678e79 elementor-widget elementor-widget-text-editor\" data-id=\"2678e79\" data-element_type=\"widget\" data-e-type=\"widget\" data-widget_type=\"text-editor.default\">\n\t\t\t\t<div class=\"elementor-widget-container\">\n\t\t\t\t\t\t\t\t\t<p><strong>Firma:<\/strong> BGA DICTUM GmbH<br \/>Vertretungsberechtigter Gesch\u00e4ftsf\u00fchrer: Henry Lanz<br \/>Anschrift: Mommsenstra\u00dfe 7, 10629 Berlin, Deutschland<br \/><strong>Telefon:<\/strong> <a href=\"tel:+4922191392379\">+49 221 91392379<\/a><br \/><strong>E-Mail:<\/strong> <a href=\"mailto:h.lanz@bga-dictum.com\">h.lanz@bga-dictum.com<\/a><\/p><p><br \/>Handelsregister: Amtsgericht Charlottenburg<br \/>Handelsregisternummer: HRB 219462 B<br \/>Umsatzsteuer-Identifikationsnummer gem\u00e4\u00df \u00a7 27a UStG: DE332093608<\/p><p><br \/>Inhaltlich verantwortlich gem\u00e4\u00df \u00a7 55 Abs. 2 RStV: Henry Lanz, Mommsenstra\u00dfe 7, 10629 Berlin<br \/>Design: redsundesign GbR, Stefan Scholz<\/p>\t\t\t\t\t\t\t\t<\/div>\n\t\t\t\t<\/div>\n\t\t\t\t\t<\/div>\n\t\t<\/div>\n\t\t\t\t\t<\/div>\n\t\t<\/section>\n\t\t\t\t<section class=\"elementor-section elementor-top-section elementor-element elementor-element-4082df9 elementor-section-boxed elementor-section-height-default elementor-section-height-default wpr-particle-no wpr-jarallax-no wpr-parallax-no wpr-sticky-section-no\" data-id=\"4082df9\" data-element_type=\"section\" data-e-type=\"section\">\n\t\t\t\t\t\t<div class=\"elementor-container elementor-column-gap-default\">\n\t\t\t\t\t<div class=\"elementor-column elementor-col-100 elementor-top-column elementor-element elementor-element-a7b073f\" data-id=\"a7b073f\" data-element_type=\"column\" data-e-type=\"column\">\n\t\t\t<div class=\"elementor-widget-wrap elementor-element-populated\">\n\t\t\t\t\t\t<div class=\"elementor-element elementor-element-56da078 elementor-widget elementor-widget-heading\" data-id=\"56da078\" data-element_type=\"widget\" data-e-type=\"widget\" data-widget_type=\"heading.default\">\n\t\t\t\t<div class=\"elementor-widget-container\">\n\t\t\t\t\t<h2 class=\"elementor-heading-title elementor-size-default\">Datenschutzerkl\u00e4rung gem\u00e4\u00df Art. 13 DSGVO<\/h2>\t\t\t\t<\/div>\n\t\t\t\t<\/div>\n\t\t\t\t<div class=\"elementor-element elementor-element-0c0d3e6 elementor-widget elementor-widget-text-editor\" data-id=\"0c0d3e6\" data-element_type=\"widget\" data-e-type=\"widget\" data-widget_type=\"text-editor.default\">\n\t\t\t\t<div class=\"elementor-widget-container\">\n\t\t\t\t\t\t\t\t\t<p>Datenschutzerkl\u00e4rung gem\u00e4\u00df Art. 13 DSGVO<\/p><p>Wir freuen uns \u00fcber Ihr Interesse an unserer Website. Der Schutz Ihrer personenbezogenen Daten ist uns ein wichtiges Anliegen. Nachfolgend informieren wir Sie gem\u00e4\u00df Art. 13 DSGVO \u00fcber Art, Umfang und Zweck der Verarbeitung personenbezogener Daten beim Besuch unserer Website.<br \/><br \/>1<strong>. Verantwortlicher:<\/strong><br \/>BGA DICTUM GmbH<br \/>Mommsenstra\u00dfe 7, 10629 Berlin<br \/>E-Mail: h.lanz@bga-dictum.com<br \/>Telefon: +49 221 91392379<\/p><p>2. <strong>Zugriffsdaten:<\/strong><br \/>Beim Besuch unserer Website werden automatisch Informationen wie IP-Adresse, Browsertyp, Zugriffszeit etc. tempor\u00e4r in Logfiles gespeichert. Dies dient der technischen Stabilit\u00e4t und Sicherheit (Art. 6 Abs. 1 lit. f DSGVO).<\/p><p>3. <strong>Kontaktformular:<\/strong><br \/>Wenn Sie uns \u00fcber das Kontaktformular schreiben, speichern wir Ihre Angaben zur Bearbeitung der Anfrage (Art. 6 Abs. 1 lit. b DSGVO). Eine Weitergabe an Dritte erfolgt nicht.<\/p><p>4. <strong>Cookies &amp; externe Dienste:<\/strong><br \/>Unsere Website verwendet keine Tracking-Cookies und bindet keine externen Inhalte ein, die personenbezogene Daten \u00fcbertragen. Eingesetzte Schriftarten sind lokal eingebunden.<\/p><p>5. <strong>Ihre Rechte:<\/strong><br \/>Sie haben das Recht auf Auskunft, Berichtigung, L\u00f6schung, Einschr\u00e4nkung, Daten\u00fcbertragbarkeit und Widerspruch. Zudem k\u00f6nnen Sie sich bei einer Aufsichtsbeh\u00f6rde beschweren (Art. 77 DSGVO).<\/p>\t\t\t\t\t\t\t\t<\/div>\n\t\t\t\t<\/div>\n\t\t\t\t\t<\/div>\n\t\t<\/div>\n\t\t\t\t\t<\/div>\n\t\t<\/section>\n\t\t\t\t<\/div>\n\t\t","protected":false},"excerpt":{"rendered":"<p>Impressum Rechtliche Offenlegung Firma: BGA DICTUM GmbHVertretungsberechtigter Gesch\u00e4ftsf\u00fchrer: Henry LanzAnschrift: Mommsenstra\u00dfe 7, 10629 Berlin, DeutschlandTelefon: +49 221 91392379E-Mail: h.lanz@bga-dictum.com Handelsregister: Amtsgericht CharlottenburgHandelsregisternummer: HRB 219462 BUmsatzsteuer-Identifikationsnummer gem\u00e4\u00df \u00a7 27a UStG: DE332093608 Inhaltlich verantwortlich gem\u00e4\u00df \u00a7 55 Abs. 2 RStV: Henry Lanz, Mommsenstra\u00dfe 7, 10629 BerlinDesign: redsundesign GbR, Stefan Scholz Datenschutzerkl\u00e4rung gem\u00e4\u00df Art. 13 DSGVO Datenschutzerkl\u00e4rung gem\u00e4\u00df Art. 13 DSGVO Wir freuen uns \u00fcber Ihr Interesse an unserer Website. Der Schutz Ihrer personenbezogenen Daten ist uns ein wichtiges Anliegen. Nachfolgend informieren wir Sie gem\u00e4\u00df Art. 13 DSGVO \u00fcber Art, Umfang und Zweck der Verarbeitung personenbezogener Daten beim Besuch unserer Website. 1. Verantwortlicher:BGA DICTUM GmbHMommsenstra\u00dfe 7, 10629 BerlinE-Mail: h.lanz@bga-dictum.comTelefon: +49 221 91392379 2. Zugriffsdaten:Beim Besuch unserer Website werden automatisch Informationen wie IP-Adresse, Browsertyp, Zugriffszeit etc. tempor\u00e4r in Logfiles gespeichert. Dies dient der technischen Stabilit\u00e4t und Sicherheit (Art. 6 Abs. 1 lit. f DSGVO). 3. Kontaktformular:Wenn Sie uns \u00fcber das Kontaktformular schreiben, speichern wir Ihre Angaben zur Bearbeitung der Anfrage (Art. 6 Abs. 1 lit. b DSGVO). Eine Weitergabe an Dritte erfolgt nicht. 4. Cookies &amp; externe Dienste:Unsere Website verwendet keine Tracking-Cookies und bindet keine externen Inhalte ein, die personenbezogene Daten \u00fcbertragen. Eingesetzte Schriftarten sind lokal eingebunden. 5. Ihre Rechte:Sie haben das Recht auf Auskunft, Berichtigung, L\u00f6schung, Einschr\u00e4nkung, Daten\u00fcbertragbarkeit und Widerspruch. Zudem k\u00f6nnen Sie sich bei einer Aufsichtsbeh\u00f6rde beschweren (Art. 77 DSGVO).<\/p>\n","protected":false},"author":1,"featured_media":0,"parent":0,"menu_order":0,"comment_status":"closed","ping_status":"closed","template":"elementor_header_footer","meta":{"footnotes":""},"class_list":["post-4257","page","type-page","status-publish","hentry"],"_links":{"self":[{"href":"https:\/\/bga-dictum.com\/de\/wp-json\/wp\/v2\/pages\/4257","targetHints":{"allow":["GET"]}}],"collection":[{"href":"https:\/\/bga-dictum.com\/de\/wp-json\/wp\/v2\/pages"}],"about":[{"href":"https:\/\/bga-dictum.com\/de\/wp-json\/wp\/v2\/types\/page"}],"author":[{"embeddable":true,"href":"https:\/\/bga-dictum.com\/de\/wp-json\/wp\/v2\/users\/1"}],"replies":[{"embeddable":true,"href":"https:\/\/bga-dictum.com\/de\/wp-json\/wp\/v2\/comments?post=4257"}],"version-history":[{"count":16,"href":"https:\/\/bga-dictum.com\/de\/wp-json\/wp\/v2\/pages\/4257\/revisions"}],"predecessor-version":[{"id":4309,"href":"https:\/\/bga-dictum.com\/de\/wp-json\/wp\/v2\/pages\/4257\/revisions\/4309"}],"wp:attachment":[{"href":"https:\/\/bga-dictum.com\/de\/wp-json\/wp\/v2\/media?parent=4257"}],"curies":[{"name":"wp","href":"https:\/\/api.w.org\/{rel}","templated":true}]}}